{"id":27,"date":"2014-09-03T10:43:35","date_gmt":"2014-09-03T07:43:35","guid":{"rendered":"http:\/\/simalyuksel.com\/2014\/?page_id=27"},"modified":"2025-08-07T17:54:09","modified_gmt":"2025-08-07T14:54:09","slug":"hakkimda","status":"publish","type":"page","link":"https:\/\/simalyuksel.com\/2014\/?page_id=27","title":{"rendered":"Hakk\u0131mda"},"content":{"rendered":"        <div id=\"id-754262778\" class=\"accordion\">                     <div class=\"accordion-item\">            <div class=\"accordion-header\">                <button type=\"button\"  class=\"accordion-button active\" data-bs-toggle=\"collapse\" data-bs-target=\"#id-137935114\" aria-expanded=\"true\" aria-controls=\"id-137935114\">                    <strong>\u0130\u015f Tecr\u00fcbeleri<\/strong>                <\/button>            <\/div>            <div class=\"accordion-collapse collapse show\" id=\"id-137935114\" data-bs-parent=\"#id-754262778\">                <div class=\"accordion-body\">                    \n<ul>\n<li><strong>Scrum Master \/ Team Facilitator<\/strong><br \/>Siemens<br \/>(03.2023 \/ &#8230;. &#8211; Ankara \/ T\u00dcRK\u0130YE)<\/li>\n<li><strong>Software Architect<\/strong><br \/>ICterra Information and Communication Technologies<br \/>(01.2023 \/ 03.2023 &#8211; Ankara \/ T\u00dcRK\u0130YE)<\/li>\n<li><strong>Software Specialist<\/strong><br \/>ICterra Information and Communication Technologies<br \/>(06.2021 \/ 12.2022 &#8211; Ankara \/ T\u00dcRK\u0130YE)<\/li>\n<li><strong>Software Engineer<\/strong><br \/>Environmental Tectonics Corporation<br \/>(09.2014 \/ 06.2021 &#8211; Ankara \/ T\u00dcRK\u0130YE)<\/li>\n<li><strong>RD Engineer<\/strong><br \/>A Bilgi Teknolojileri<br \/>(06.2013 \/ 09.2014 &#8211; Ankara \/ T\u00dcRK\u0130YE)<\/li>\n<li><strong>Engineering Intern<\/strong><br \/>TAI<br \/>(08.2011 \/ 09.2011 &#8211; Ankara \/ T\u00dcRK\u0130YE )<\/li>\n<li><strong>Software Development Engineer<\/strong><br \/>AHK Robotics<br \/>(09.2010 \/ 04.2011 &#8211; Kayseri \/ T\u00dcRK\u0130YE )<\/li>\n<li><strong>Engineering Intern<\/strong><br \/>Borsan<br \/>(06.2009 \/ 07.2009 &#8211; Samsun \/ T\u00dcRK\u0130YE )<\/li>\n<li><strong>Information Technologies Staff<\/strong><br \/>Erciyes \u00dcniversitesi MBM<br \/>(09.2007 \/ 01.2008 &#8211; Kayseri \/ T\u00dcRK\u0130YE )<\/li>\n<\/ul>\n                <\/div>            <\/div>        <\/div>        <div class=\"accordion-item\">            <div class=\"accordion-header\">                <button type=\"button\"  class=\"accordion-button collapsed\" data-bs-toggle=\"collapse\" data-bs-target=\"#id-2362476978\" aria-expanded=\"false\" aria-controls=\"id-2362476978\">                    <strong>E\u011fitim Bilgileri<\/strong>                <\/button>            <\/div>            <div class=\"accordion-collapse collapse \" id=\"id-2362476978\" data-bs-parent=\"#id-754262778\">                <div class=\"accordion-body\">                    \n<ul>\n<li><strong>Yaz\u0131l\u0131m M\u00fchendisligi<\/strong><br \/>Hacettepe Universitesi &#8211; Y\u00fcksek Lisans<br \/>(2014 \/ 2017 &#8211; Ankara \/ T\u00dcRK\u0130YE)<\/li>\n<li><strong>Elektrik Elektronik M\u00fch.<\/strong><br \/>Erciyes \u00dcniversitesi &#8211; Lisans<br \/>(2007 \/ 2012 &#8211; Kayseri \/ T\u00dcRK\u0130YE)<\/li>\n<li><strong>Fen Bilimleri<\/strong><br \/>Ordu Anadolu Lisesi<br \/>(2004 \/ 2007 &#8211; Ordu\/ T\u00dcRK\u0130YE )<\/li>\n<\/ul>\n                <\/div>            <\/div>        <\/div>         <div class=\"accordion-item\">            <div class=\"accordion-header\">                <button type=\"button\"  class=\"accordion-button collapsed\" data-bs-toggle=\"collapse\" data-bs-target=\"#id-327400956\" aria-expanded=\"false\" aria-controls=\"id-327400956\">                    <strong>Yetenekler ve \u0130lgi Alanlar\u0131<\/strong>                <\/button>            <\/div>            <div class=\"accordion-collapse collapse \" id=\"id-327400956\" data-bs-parent=\"#id-754262778\">                <div class=\"accordion-body\">                    \n<ul>\n<li>WPF<\/li>\n<li>MVVM<\/li>\n<li>C#<\/li>\n<li>UI\/UX<\/li>\n<li>OOP<\/li>\n<li>Agile Methodologies<\/li>\n<li>Scrum<\/li>\n<li>.NET<\/li>\n<li>NI LabVIEW<\/li>\n<li>C++<\/li>\n<li>MS-SQL<\/li>\n<li>SQLite<\/li>\n<li>JIRA<\/li>\n<li>Redmine<\/li>\n<li>SVN \/ GIT<\/li>\n<li>Interface Design<\/li>\n<li>Computer Vision<\/li>\n<li>Image Processing<\/li>\n<li>Machine Vision<\/li>\n<li>Circuit Design<\/li>\n<li>Computer Vision<\/li>\n<li>Microcontrollers<\/li>\n<li>Simulink<\/li>\n<\/ul>\n                <\/div>            <\/div>        <\/div>\n        <div class=\"accordion-item\">            <div class=\"accordion-header\">                <button type=\"button\"  class=\"accordion-button collapsed\" data-bs-toggle=\"collapse\" data-bs-target=\"#id-3787021877\" aria-expanded=\"false\" aria-controls=\"id-3787021877\">                    <strong>Sertifikalar<\/strong>                <\/button>            <\/div>            <div class=\"accordion-collapse collapse \" id=\"id-3787021877\" data-bs-parent=\"#id-754262778\">                <div class=\"accordion-body\">                    \n<ul>\n<li><a href=\"https:\/\/www.credly.com\/badges\/65af424b-23f5-4652-88b0-1ce889e234d0\">Professional Scrum Master\u2122 II Certification (PSM II)<\/a> &#8211; Scrum.org &#8211; 10.2024<\/li>\n<li><a href=\"https:\/\/www.credly.com\/badges\/977bc4d5-306b-470c-83ad-83edf416ea00\/public_url\">ICP-ACC ICAgile Certified Professional &#8211; Agile Coaching<\/a> &#8211; ICAgile &#8211; 05.2024<\/li>\n<li><a href=\"https:\/\/www.credly.com\/badges\/635b1176-6ba8-4eb2-8d17-bce5ef37c47b\/\">Professional Scrum Master\u2122 I Certification (PSM I)<\/a> &#8211; Scrum.org &#8211; 11.2023<\/li>\n<li><a href=\"https:\/\/www.credly.com\/badges\/530e44a3-6715-4317-b6a0-181f9bc3312a\/\">Professional Scrum Product Owner\u2122 I Certification (PSPO I)<\/a> &#8211; Scrum.org &#8211; 01.2024<\/li>\n<li><a href=\"https:\/\/verified.sertifier.com\/en\/verify\/96142426748713\/\">Leadership Development Program<\/a> &#8211; Sinerji E\u011fitim &amp; Dan\u0131\u015fmanl\u0131k &#8211; 09.2025<\/li>\n<li><a href=\"https:\/\/www.udemy.com\/certificate\/UC-8afd4280-2e6b-433b-ae40-b53a32026fc7\/\">Scaled Agile Framework (SAFe) from Zero to Hero<\/a> &#8211;\u00a0 Udemy &#8211; 12.2022<\/li>\n<li><a href=\"https:\/\/www.udemy.com\/certificate\/UC-988ada00-1cf5-4a46-8b9c-23370619c2e5\/\">Scrum for Beginners + Scrum Master Certification Preparation<\/a> &#8211; Udemy &#8211; 09.2022<\/li>\n<li><a href=\"https:\/\/www.udemy.com\/certificate\/UC-7382ab35-d880-47a1-bdc8-5be35eddb8d9\/\">Complete C# Masterclass &#8211; Udemy<\/a> &#8211; 06.2022<\/li>\n<li>The Scoutmastering Course Certificate &#8211; T\u00fcrkiye \u0130zcilik Federasyonu \/ Scouting and Guiding Federation of T\u00fcrkiye &#8211; 09.2009<\/li>\n<li>The Leadership Training Course Certificate &#8211; T\u00fcrkiye \u0130zcilik Federasyonu \/ Scouting and Guiding Federation of T\u00fcrkiye &#8211; 04.2008<\/li>\n<li><a href=\"https:\/\/www.credly.com\/badges\/232557a0-fbcb-45ed-997f-f3831d6e9f55\/linked_in_profile\">Microsoft Certified: Azure Developer Associate<\/a> &#8211; Microsoft &#8211; 10.2021 &#8211; 10.2023<\/li>\n<\/ul>\n                <\/div>            <\/div>        <\/div>\n        <div class=\"accordion-item\">            <div class=\"accordion-header\">                <button type=\"button\"  class=\"accordion-button collapsed\" data-bs-toggle=\"collapse\" data-bs-target=\"#id-2770847576\" aria-expanded=\"false\" aria-controls=\"id-2770847576\">                    <strong>Yay\u0131nlar<\/strong>                <\/button>            <\/div>            <div class=\"accordion-collapse collapse \" id=\"id-2770847576\" data-bs-parent=\"#id-754262778\">                <div class=\"accordion-body\">                    \n<ul>\n<li><strong>RF MOD\u00dcLLERLE KONTROL ED\u0130LEN PALETL\u0130 KE\u015e\u0130F ARACI TASARIMI <\/strong>Y\u00fcksel \u015e., Ekincio\u011flu G., Zabun E., Tun\u00e7er K.,Develi \u0130. Eyl\u00fcl 2011 \u00d6zet:<br \/>Bu \u00e7al\u0131\u015fmada, RF mod\u00fcllerle uzaktan kontrol edilen \u00e7ok ama\u00e7l\u0131 bir paletli ke\u015fif arac\u0131n\u0131n tasar\u0131m\u0131 sunulmu\u015ftur.Bu proje kapsam\u0131nda ger\u00e7ekle\u015ftirilen arac\u0131n temel \u00f6zellikleri; C tabanl\u0131 olmas\u0131, \u00fczerinde g\u00f6r\u00fcnt\u00fc i\u015fleyebilmesi,zorlu arazi ko\u015fullar\u0131nda hareket edebilmesi, y\u00fcksek manevra kabiliyetine sahip olmas\u0131, motorlara ba\u011fl\u0131 olarak y\u00fcksek torklu olmas\u0131 ve ger\u00e7ek zamanl\u0131 \u00e7al\u0131\u015fabilmesi olarak \u00f6zetlenebilir. Arac\u0131n ileti\u015fim mesafesi RF mod\u00fcllerle a\u00e7\u0131k alanda 100 metre civar\u0131ndad\u0131r ve istenildi\u011finde bu mesafe kulland\u0131\u011f\u0131m\u0131z anten t\u00fcr\u00fcne g\u00f6re anten de\u011fi\u015ftirilerek 1600m\u2019ye kadar artt\u0131r\u0131labilir. Bunun yan\u0131 s\u0131ra ara\u00e7, servo motor kontrol\u00fcyle 180\u00b0 d\u00f6nebilir \u00f6zellikli kameraya sahiptir. Kullan\u0131lan ultrasonik sens\u00f6rlerle, \u00f6n\u00fcndeki ve arkas\u0131ndaki cisimleri alg\u0131layabilmekte ve manyetik y\u00f6n tayini yapabilmektedir. Ara\u00e7, \u00e7ift y\u00f6nl\u00fc RF haberle\u015fmesiyle uzaktaki bir merkez kontrol istasyonundan komutlar alabilen ve toplad\u0131\u011f\u0131 bilgileri bu istasyona iletebilen bir insans\u0131z ke\u015fif arac\u0131 olma \u00f6zelli\u011findedir.Anahtar Kelimeler: Paletli ke\u015fif arac\u0131, g\u00f6r\u00fcnt\u00fc i\u015fleme, RF haberle\u015fme, mikrodenetleyicili motor kontrol\u00fc.<a href=\"http:\/\/www.emo.org.tr\/ekler\/e0e6389d1d3e052_ek.pdf?dergi=923\" target=\"_blank\" rel=\"noopener noreferrer\"><strong>Link<\/strong><\/a><\/li>\n<\/ul>\n                <\/div>            <\/div>        <\/div>\n        <div class=\"accordion-item\">            <div class=\"accordion-header\">                <button type=\"button\"  class=\"accordion-button collapsed\" data-bs-toggle=\"collapse\" data-bs-target=\"#id-796769656\" aria-expanded=\"false\" aria-controls=\"id-796769656\">                    <strong>Ek Bilgiler<\/strong>                <\/button>            <\/div>            <div class=\"accordion-collapse collapse \" id=\"id-796769656\" data-bs-parent=\"#id-754262778\">                <div class=\"accordion-body\">                    \n<i style=\"color:black\" class=\"fa fa-star alignCenter fa-1x\"><\/i> <strong>Hobilerim<\/strong><\/p>\n<div class=\"bars\"><div class=\"progress-heading\"><div class=\"progress-label\">Kayak<\/div><div class=\"progress-value\"><\/div><\/div><div id=\"max70\" class=\"progress active \"><div class=\"bar\" data-progress=\"70\" ><\/div><\/div><\/div><div class=\"clearfix\"><\/div>\n<div class=\"bars\"><div class=\"progress-heading\"><div class=\"progress-label\">Futbol<\/div><div class=\"progress-value\"><\/div><\/div><div id=\"max75\" class=\"progress active \"><div class=\"bar\" data-progress=\"75\" ><\/div><\/div><\/div><div class=\"clearfix\"><\/div>\n<div class=\"bars\"><div class=\"progress-heading\"><div class=\"progress-label\">Y\u00fczme<\/div><div class=\"progress-value\"><\/div><\/div><div id=\"max70\" class=\"progress active \"><div class=\"bar\" data-progress=\"70\" ><\/div><\/div><\/div><div class=\"clearfix\"><\/div>\n<div class=\"bars\"><div class=\"progress-heading\"><div class=\"progress-label\">M\u00fczik<\/div><div class=\"progress-value\"><\/div><\/div><div id=\"max80\" class=\"progress active \"><div class=\"bar\" data-progress=\"80\" ><\/div><\/div><\/div><div class=\"clearfix\"><\/div>\n<hr \/>\n<p style=\"text-align: left;\"><i style=\"color:black\" class=\"fa fa-users align fa-1x\"><\/i> <strong>\u00dcye Olunan Topluluklar<\/strong><\/p>\n<ul>\n<li>TEMA (T\u00fcrkiye Erozyonla M\u00fccadele, A\u011fa\u00e7land\u0131rma ve Do\u011fal Kaynaklar\u0131 Koruma Vakf\u0131)<\/li>\n<li>OALMED (Ordu Anadolu Lisesi Mezunlar ve Mensuplar\u0131 Derne\u011fi)<\/li>\n<li>Elektrik M\u00fchendisleri Odas\u0131<\/li>\n<li>IEEE<\/li>\n<li>T\u00fcrkiye \u0130zcilik Federasyonu<\/li>\n<\/ul>\n                <\/div>            <\/div>        <\/div>         <\/div>\n<blockquote><p class=\"\" style=\"color: ; font-size: px; line-height: px;\">Bilgisayarlar\u0131n hayat\u0131n\u0131n \u00f6nemli bir b\u00f6l\u00fcm\u00fcn\u00fc kaplad\u0131\u011f\u0131, bunun yan\u0131 s\u0131ra y\u00fczmeyi, futbolu, kaya\u011f\u0131, izcili\u011fi ve m\u00fczi\u011fi seven, araba tutkunu gen\u00e7 bir m\u00fchendis.<\/p><\/blockquote>\n\n\n<p><\/p>\n","protected":false},"excerpt":{"rendered":"<p><\/p>","protected":false},"author":1,"featured_media":8996,"parent":0,"menu_order":0,"comment_status":"closed","ping_status":"open","template":"","meta":{"footnotes":""},"categories":[],"tags":[],"class_list":["post-27","page","type-page","status-publish","has-post-thumbnail","hentry"],"_links":{"self":[{"href":"https:\/\/simalyuksel.com\/2014\/index.php?rest_route=\/wp\/v2\/pages\/27","targetHints":{"allow":["GET"]}}],"collection":[{"href":"https:\/\/simalyuksel.com\/2014\/index.php?rest_route=\/wp\/v2\/pages"}],"about":[{"href":"https:\/\/simalyuksel.com\/2014\/index.php?rest_route=\/wp\/v2\/types\/page"}],"author":[{"embeddable":true,"href":"https:\/\/simalyuksel.com\/2014\/index.php?rest_route=\/wp\/v2\/users\/1"}],"replies":[{"embeddable":true,"href":"https:\/\/simalyuksel.com\/2014\/index.php?rest_route=%2Fwp%2Fv2%2Fcomments&post=27"}],"version-history":[{"count":124,"href":"https:\/\/simalyuksel.com\/2014\/index.php?rest_route=\/wp\/v2\/pages\/27\/revisions"}],"predecessor-version":[{"id":11065,"href":"https:\/\/simalyuksel.com\/2014\/index.php?rest_route=\/wp\/v2\/pages\/27\/revisions\/11065"}],"wp:featuredmedia":[{"embeddable":true,"href":"https:\/\/simalyuksel.com\/2014\/index.php?rest_route=\/wp\/v2\/media\/8996"}],"wp:attachment":[{"href":"https:\/\/simalyuksel.com\/2014\/index.php?rest_route=%2Fwp%2Fv2%2Fmedia&parent=27"}],"wp:term":[{"taxonomy":"category","embeddable":true,"href":"https:\/\/simalyuksel.com\/2014\/index.php?rest_route=%2Fwp%2Fv2%2Fcategories&post=27"},{"taxonomy":"post_tag","embeddable":true,"href":"https:\/\/simalyuksel.com\/2014\/index.php?rest_route=%2Fwp%2Fv2%2Ftags&post=27"}],"curies":[{"name":"wp","href":"https:\/\/api.w.org\/{rel}","templated":true}]}}